{"id":44,"date":"2020-03-25T19:27:34","date_gmt":"2020-03-25T19:27:34","guid":{"rendered":"https:\/\/transportestmm.com.mx\/?page_id=44"},"modified":"2020-04-20T20:24:00","modified_gmt":"2020-04-20T20:24:00","slug":"tecnologia","status":"publish","type":"page","link":"https:\/\/transportestmm.com.mx\/index.php\/tecnologia\/","title":{"rendered":"Tecnolog\u00eda"},"content":{"rendered":"\n<ul class=\"wp-block-list\"><li>Servicio de unidades dedicadas para la operaci\u00f3n local y nacional <\/li><\/ul>\n\n\n\n<ul class=\"wp-block-list\"><li>Ofrecemos todo tipo de unidades como motocicleta, veh\u00edculo, camionetas de 1.5 ton, 3.5 ton, rabon, torton, tr\u00e1iler brindando y dise\u00f1ando servicios exclusivos para&nbsp;&nbsp; cada uno de nuestro clientes.<\/li><\/ul>\n\n\n\n<ul class=\"wp-block-list\"><li>Sistema de Comunicaci\u00f3n y Localizaci\u00f3n Satelital GPS<\/li><\/ul>\n\n\n\n<ul class=\"wp-block-list\"><li>Sistema de Tarjeta IAVE ofreciendo seguridad y precisi\u00f3n en las entregas. <\/li><\/ul>\n\n\n\n<p><\/p>\n\n\n\n<p style=\"font-size:24px\"><strong>Equipo<\/strong> TMM<\/p>\n\n\n\n<p>Contamos con un equipo de\nespecialistas en log\u00edstica, responsables de programar y dise\u00f1ar cada servicio de\nmanera exclusiva de acuerdo a las necesidades y exigencias del cliente.<\/p>\n\n\n\n<p>&nbsp;La pasi\u00f3n por la log\u00edstica, la\ndedicaci\u00f3n y el talento convergen para la optima distribuci\u00f3n de mercanc\u00edas con el compromiso de que\nsus productos lleguen adecuadamente y en tiempo a su destino<\/p>\n","protected":false},"excerpt":{"rendered":"<p>Servicio de unidades dedicadas para la operaci\u00f3n local y nacional Ofrecemos todo tipo de unidades como motocicleta, veh\u00edculo, camionetas de 1.5 ton, 3.5 ton, rabon, torton, tr\u00e1iler brindando y dise\u00f1ando servicios exclusivos para&nbsp;&nbsp; cada uno de nuestro clientes. Sistema de Comunicaci\u00f3n y Localizaci\u00f3n Satelital GPS Sistema de Tarjeta IAVE ofreciendo seguridad y precisi\u00f3n en las &hellip; <\/p>\n<p class=\"link-more\"><a href=\"https:\/\/transportestmm.com.mx\/index.php\/tecnologia\/\" class=\"more-link\">Continuar leyendo<span class=\"screen-reader-text\"> &#8220;Tecnolog\u00eda&#8221;<\/span><\/a><\/p>\n","protected":false},"author":1,"featured_media":148,"parent":0,"menu_order":0,"comment_status":"closed","ping_status":"closed","template":"","meta":{"footnotes":""},"class_list":["post-44","page","type-page","status-publish","has-post-thumbnail","hentry"],"yoast_head":"<!-- This site is optimized with the Yoast SEO plugin v26.8 - https:\/\/yoast.com\/product\/yoast-seo-wordpress\/ -->\n<title>Tecnolog\u00eda - transportestmm<\/title>\n<meta name=\"robots\" content=\"index, follow, max-snippet:-1, max-image-preview:large, max-video-preview:-1\" \/>\n<link rel=\"canonical\" href=\"https:\/\/transportestmm.com.mx\/index.php\/tecnologia\/\" \/>\n<meta property=\"og:locale\" content=\"es_MX\" \/>\n<meta property=\"og:type\" content=\"article\" \/>\n<meta property=\"og:title\" content=\"Tecnolog\u00eda - transportestmm\" \/>\n<meta property=\"og:description\" content=\"Servicio de unidades dedicadas para la operaci\u00f3n local y nacional Ofrecemos todo tipo de unidades como motocicleta, veh\u00edculo, camionetas de 1.5 ton, 3.5 ton, rabon, torton, tr\u00e1iler brindando y dise\u00f1ando servicios exclusivos para&nbsp;&nbsp; cada uno de nuestro clientes. Sistema de Comunicaci\u00f3n y Localizaci\u00f3n Satelital GPS Sistema de Tarjeta IAVE ofreciendo seguridad y precisi\u00f3n en las &hellip; Continuar leyendo &quot;Tecnolog\u00eda&quot;\" \/>\n<meta property=\"og:url\" content=\"https:\/\/transportestmm.com.mx\/index.php\/tecnologia\/\" \/>\n<meta property=\"og:site_name\" content=\"transportestmm\" \/>\n<meta property=\"article:modified_time\" content=\"2020-04-20T20:24:00+00:00\" \/>\n<meta property=\"og:image\" content=\"https:\/\/transportestmm.com.mx\/wp-content\/uploads\/2020\/04\/tmm-trailer-con-logo-2020-01-1024x614.png\" \/>\n\t<meta property=\"og:image:width\" content=\"1024\" \/>\n\t<meta property=\"og:image:height\" content=\"614\" \/>\n\t<meta property=\"og:image:type\" content=\"image\/png\" \/>\n<meta name=\"twitter:card\" content=\"summary_large_image\" \/>\n<meta name=\"twitter:label1\" content=\"Tiempo de lectura\" \/>\n\t<meta name=\"twitter:data1\" content=\"1 minuto\" \/>\n<script type=\"application\/ld+json\" class=\"yoast-schema-graph\">{\"@context\":\"https:\/\/schema.org\",\"@graph\":[{\"@type\":\"WebPage\",\"@id\":\"https:\/\/transportestmm.com.mx\/index.php\/tecnologia\/\",\"url\":\"https:\/\/transportestmm.com.mx\/index.php\/tecnologia\/\",\"name\":\"Tecnolog\u00eda - transportestmm\",\"isPartOf\":{\"@id\":\"https:\/\/transportestmm.com.mx\/#website\"},\"primaryImageOfPage\":{\"@id\":\"https:\/\/transportestmm.com.mx\/index.php\/tecnologia\/#primaryimage\"},\"image\":{\"@id\":\"https:\/\/transportestmm.com.mx\/index.php\/tecnologia\/#primaryimage\"},\"thumbnailUrl\":\"https:\/\/transportestmm.com.mx\/wp-content\/uploads\/2020\/04\/tmm-trailer-con-logo-2020-01.png\",\"datePublished\":\"2020-03-25T19:27:34+00:00\",\"dateModified\":\"2020-04-20T20:24:00+00:00\",\"breadcrumb\":{\"@id\":\"https:\/\/transportestmm.com.mx\/index.php\/tecnologia\/#breadcrumb\"},\"inLanguage\":\"es\",\"potentialAction\":[{\"@type\":\"ReadAction\",\"target\":[\"https:\/\/transportestmm.com.mx\/index.php\/tecnologia\/\"]}]},{\"@type\":\"ImageObject\",\"inLanguage\":\"es\",\"@id\":\"https:\/\/transportestmm.com.mx\/index.php\/tecnologia\/#primaryimage\",\"url\":\"https:\/\/transportestmm.com.mx\/wp-content\/uploads\/2020\/04\/tmm-trailer-con-logo-2020-01.png\",\"contentUrl\":\"https:\/\/transportestmm.com.mx\/wp-content\/uploads\/2020\/04\/tmm-trailer-con-logo-2020-01.png\",\"width\":8333,\"height\":5000},{\"@type\":\"BreadcrumbList\",\"@id\":\"https:\/\/transportestmm.com.mx\/index.php\/tecnologia\/#breadcrumb\",\"itemListElement\":[{\"@type\":\"ListItem\",\"position\":1,\"name\":\"Inicio\",\"item\":\"https:\/\/transportestmm.com.mx\/\"},{\"@type\":\"ListItem\",\"position\":2,\"name\":\"Tecnolog\u00eda\"}]},{\"@type\":\"WebSite\",\"@id\":\"https:\/\/transportestmm.com.mx\/#website\",\"url\":\"https:\/\/transportestmm.com.mx\/\",\"name\":\"transportestmm\",\"description\":\"Entregas sin fronteras\",\"potentialAction\":[{\"@type\":\"SearchAction\",\"target\":{\"@type\":\"EntryPoint\",\"urlTemplate\":\"https:\/\/transportestmm.com.mx\/?s={search_term_string}\"},\"query-input\":{\"@type\":\"PropertyValueSpecification\",\"valueRequired\":true,\"valueName\":\"search_term_string\"}}],\"inLanguage\":\"es\"}]}<\/script>\n<!-- \/ Yoast SEO plugin. -->","yoast_head_json":{"title":"Tecnolog\u00eda - transportestmm","robots":{"index":"index","follow":"follow","max-snippet":"max-snippet:-1","max-image-preview":"max-image-preview:large","max-video-preview":"max-video-preview:-1"},"canonical":"https:\/\/transportestmm.com.mx\/index.php\/tecnologia\/","og_locale":"es_MX","og_type":"article","og_title":"Tecnolog\u00eda - transportestmm","og_description":"Servicio de unidades dedicadas para la operaci\u00f3n local y nacional Ofrecemos todo tipo de unidades como motocicleta, veh\u00edculo, camionetas de 1.5 ton, 3.5 ton, rabon, torton, tr\u00e1iler brindando y dise\u00f1ando servicios exclusivos para&nbsp;&nbsp; cada uno de nuestro clientes. Sistema de Comunicaci\u00f3n y Localizaci\u00f3n Satelital GPS Sistema de Tarjeta IAVE ofreciendo seguridad y precisi\u00f3n en las &hellip; Continuar leyendo \"Tecnolog\u00eda\"","og_url":"https:\/\/transportestmm.com.mx\/index.php\/tecnologia\/","og_site_name":"transportestmm","article_modified_time":"2020-04-20T20:24:00+00:00","og_image":[{"width":1024,"height":614,"url":"https:\/\/transportestmm.com.mx\/wp-content\/uploads\/2020\/04\/tmm-trailer-con-logo-2020-01-1024x614.png","type":"image\/png"}],"twitter_card":"summary_large_image","twitter_misc":{"Tiempo de lectura":"1 minuto"},"schema":{"@context":"https:\/\/schema.org","@graph":[{"@type":"WebPage","@id":"https:\/\/transportestmm.com.mx\/index.php\/tecnologia\/","url":"https:\/\/transportestmm.com.mx\/index.php\/tecnologia\/","name":"Tecnolog\u00eda - transportestmm","isPartOf":{"@id":"https:\/\/transportestmm.com.mx\/#website"},"primaryImageOfPage":{"@id":"https:\/\/transportestmm.com.mx\/index.php\/tecnologia\/#primaryimage"},"image":{"@id":"https:\/\/transportestmm.com.mx\/index.php\/tecnologia\/#primaryimage"},"thumbnailUrl":"https:\/\/transportestmm.com.mx\/wp-content\/uploads\/2020\/04\/tmm-trailer-con-logo-2020-01.png","datePublished":"2020-03-25T19:27:34+00:00","dateModified":"2020-04-20T20:24:00+00:00","breadcrumb":{"@id":"https:\/\/transportestmm.com.mx\/index.php\/tecnologia\/#breadcrumb"},"inLanguage":"es","potentialAction":[{"@type":"ReadAction","target":["https:\/\/transportestmm.com.mx\/index.php\/tecnologia\/"]}]},{"@type":"ImageObject","inLanguage":"es","@id":"https:\/\/transportestmm.com.mx\/index.php\/tecnologia\/#primaryimage","url":"https:\/\/transportestmm.com.mx\/wp-content\/uploads\/2020\/04\/tmm-trailer-con-logo-2020-01.png","contentUrl":"https:\/\/transportestmm.com.mx\/wp-content\/uploads\/2020\/04\/tmm-trailer-con-logo-2020-01.png","width":8333,"height":5000},{"@type":"BreadcrumbList","@id":"https:\/\/transportestmm.com.mx\/index.php\/tecnologia\/#breadcrumb","itemListElement":[{"@type":"ListItem","position":1,"name":"Inicio","item":"https:\/\/transportestmm.com.mx\/"},{"@type":"ListItem","position":2,"name":"Tecnolog\u00eda"}]},{"@type":"WebSite","@id":"https:\/\/transportestmm.com.mx\/#website","url":"https:\/\/transportestmm.com.mx\/","name":"transportestmm","description":"Entregas sin fronteras","potentialAction":[{"@type":"SearchAction","target":{"@type":"EntryPoint","urlTemplate":"https:\/\/transportestmm.com.mx\/?s={search_term_string}"},"query-input":{"@type":"PropertyValueSpecification","valueRequired":true,"valueName":"search_term_string"}}],"inLanguage":"es"}]}},"_links":{"self":[{"href":"https:\/\/transportestmm.com.mx\/index.php\/wp-json\/wp\/v2\/pages\/44","targetHints":{"allow":["GET"]}}],"collection":[{"href":"https:\/\/transportestmm.com.mx\/index.php\/wp-json\/wp\/v2\/pages"}],"about":[{"href":"https:\/\/transportestmm.com.mx\/index.php\/wp-json\/wp\/v2\/types\/page"}],"author":[{"embeddable":true,"href":"https:\/\/transportestmm.com.mx\/index.php\/wp-json\/wp\/v2\/users\/1"}],"replies":[{"embeddable":true,"href":"https:\/\/transportestmm.com.mx\/index.php\/wp-json\/wp\/v2\/comments?post=44"}],"version-history":[{"count":5,"href":"https:\/\/transportestmm.com.mx\/index.php\/wp-json\/wp\/v2\/pages\/44\/revisions"}],"predecessor-version":[{"id":151,"href":"https:\/\/transportestmm.com.mx\/index.php\/wp-json\/wp\/v2\/pages\/44\/revisions\/151"}],"wp:featuredmedia":[{"embeddable":true,"href":"https:\/\/transportestmm.com.mx\/index.php\/wp-json\/wp\/v2\/media\/148"}],"wp:attachment":[{"href":"https:\/\/transportestmm.com.mx\/index.php\/wp-json\/wp\/v2\/media?parent=44"}],"curies":[{"name":"wp","href":"https:\/\/api.w.org\/{rel}","templated":true}]}}