{"id":24,"date":"2020-03-25T19:27:34","date_gmt":"2020-03-25T19:27:34","guid":{"rendered":"https:\/\/transportestmm.com.mx\/?page_id=24"},"modified":"2020-04-20T20:14:27","modified_gmt":"2020-04-20T20:14:27","slug":"acerca-de","status":"publish","type":"page","link":"https:\/\/transportestmm.com.mx\/index.php\/acerca-de\/","title":{"rendered":"Nosotros"},"content":{"rendered":"\n<p>TMM brinda el servicio de\ntransportaci\u00f3n de mercanc\u00edas en todo el territorio nacional y \u00e1rea metropolitana,\nofreciendo&nbsp; servicios de log\u00edstica y\ndistribuci\u00f3n en operaciones dedicadas y\/o consolidadas. <\/p>\n\n\n\n<p>&nbsp; TMM en su b\u00fasqueda de la mejora continua y desarrollo de negocios\nofrece calidad y excelencia, reafirmando el compromiso con sus socios comerciales y equipo de trabajo. <\/p>\n\n\n\n<p style=\"font-size:24px\"><strong>Misi\u00f3n<\/strong><\/p>\n\n\n\n<p>TMM tiene el firme prop\u00f3sito de lograr la Satisfacci\u00f3n de sus clientes, proporcion\u00e1ndoles productos y Servicios Especializados de Transporte Terrestre y Log\u00edstica de mercanc\u00edas y productos, con altos niveles de calidad y seguridad.<\/p>\n\n\n\n<p style=\"font-size:24px\"><strong>Visi\u00f3n<\/strong><\/p>\n\n\n\n<p>Ser una empresa l\u00edder a nivel nacional en el sector de transporte y log\u00edstica.<\/p>\n","protected":false},"excerpt":{"rendered":"<p>TMM brinda el servicio de transportaci\u00f3n de mercanc\u00edas en todo el territorio nacional y \u00e1rea metropolitana, ofreciendo&nbsp; servicios de log\u00edstica y distribuci\u00f3n en operaciones dedicadas y\/o consolidadas. &nbsp; TMM en su b\u00fasqueda de la mejora continua y desarrollo de negocios ofrece calidad y excelencia, reafirmando el compromiso con sus socios comerciales y equipo de trabajo. &hellip; <\/p>\n<p class=\"link-more\"><a href=\"https:\/\/transportestmm.com.mx\/index.php\/acerca-de\/\" class=\"more-link\">Continuar leyendo<span class=\"screen-reader-text\"> &#8220;Nosotros&#8221;<\/span><\/a><\/p>\n","protected":false},"author":1,"featured_media":143,"parent":0,"menu_order":0,"comment_status":"closed","ping_status":"closed","template":"","meta":{"footnotes":""},"class_list":["post-24","page","type-page","status-publish","has-post-thumbnail","hentry"],"yoast_head":"<!-- This site is optimized with the Yoast SEO plugin v26.8 - https:\/\/yoast.com\/product\/yoast-seo-wordpress\/ -->\n<title>Nosotros - transportestmm<\/title>\n<meta name=\"robots\" content=\"index, follow, max-snippet:-1, max-image-preview:large, max-video-preview:-1\" \/>\n<link rel=\"canonical\" href=\"https:\/\/transportestmm.com.mx\/index.php\/acerca-de\/\" \/>\n<meta property=\"og:locale\" content=\"es_MX\" \/>\n<meta property=\"og:type\" content=\"article\" \/>\n<meta property=\"og:title\" content=\"Nosotros - transportestmm\" \/>\n<meta property=\"og:description\" content=\"TMM brinda el servicio de transportaci\u00f3n de mercanc\u00edas en todo el territorio nacional y \u00e1rea metropolitana, ofreciendo&nbsp; servicios de log\u00edstica y distribuci\u00f3n en operaciones dedicadas y\/o consolidadas. &nbsp; TMM en su b\u00fasqueda de la mejora continua y desarrollo de negocios ofrece calidad y excelencia, reafirmando el compromiso con sus socios comerciales y equipo de trabajo. &hellip; Continuar leyendo &quot;Nosotros&quot;\" \/>\n<meta property=\"og:url\" content=\"https:\/\/transportestmm.com.mx\/index.php\/acerca-de\/\" \/>\n<meta property=\"og:site_name\" content=\"transportestmm\" \/>\n<meta property=\"article:modified_time\" content=\"2020-04-20T20:14:27+00:00\" \/>\n<meta property=\"og:image\" content=\"https:\/\/transportestmm.com.mx\/wp-content\/uploads\/2020\/04\/17316-scaled.jpg\" \/>\n\t<meta property=\"og:image:width\" content=\"2560\" \/>\n\t<meta property=\"og:image:height\" content=\"1707\" \/>\n\t<meta property=\"og:image:type\" content=\"image\/jpeg\" \/>\n<meta name=\"twitter:card\" content=\"summary_large_image\" \/>\n<meta name=\"twitter:label1\" content=\"Tiempo de lectura\" \/>\n\t<meta name=\"twitter:data1\" content=\"1 minuto\" \/>\n<script type=\"application\/ld+json\" class=\"yoast-schema-graph\">{\"@context\":\"https:\/\/schema.org\",\"@graph\":[{\"@type\":\"WebPage\",\"@id\":\"https:\/\/transportestmm.com.mx\/index.php\/acerca-de\/\",\"url\":\"https:\/\/transportestmm.com.mx\/index.php\/acerca-de\/\",\"name\":\"Nosotros - transportestmm\",\"isPartOf\":{\"@id\":\"https:\/\/transportestmm.com.mx\/#website\"},\"primaryImageOfPage\":{\"@id\":\"https:\/\/transportestmm.com.mx\/index.php\/acerca-de\/#primaryimage\"},\"image\":{\"@id\":\"https:\/\/transportestmm.com.mx\/index.php\/acerca-de\/#primaryimage\"},\"thumbnailUrl\":\"https:\/\/transportestmm.com.mx\/wp-content\/uploads\/2020\/04\/17316-scaled.jpg\",\"datePublished\":\"2020-03-25T19:27:34+00:00\",\"dateModified\":\"2020-04-20T20:14:27+00:00\",\"breadcrumb\":{\"@id\":\"https:\/\/transportestmm.com.mx\/index.php\/acerca-de\/#breadcrumb\"},\"inLanguage\":\"es\",\"potentialAction\":[{\"@type\":\"ReadAction\",\"target\":[\"https:\/\/transportestmm.com.mx\/index.php\/acerca-de\/\"]}]},{\"@type\":\"ImageObject\",\"inLanguage\":\"es\",\"@id\":\"https:\/\/transportestmm.com.mx\/index.php\/acerca-de\/#primaryimage\",\"url\":\"https:\/\/transportestmm.com.mx\/wp-content\/uploads\/2020\/04\/17316-scaled.jpg\",\"contentUrl\":\"https:\/\/transportestmm.com.mx\/wp-content\/uploads\/2020\/04\/17316-scaled.jpg\",\"width\":2560,\"height\":1707,\"caption\":\"Man driver of the lorry in a logistic company\"},{\"@type\":\"BreadcrumbList\",\"@id\":\"https:\/\/transportestmm.com.mx\/index.php\/acerca-de\/#breadcrumb\",\"itemListElement\":[{\"@type\":\"ListItem\",\"position\":1,\"name\":\"Inicio\",\"item\":\"https:\/\/transportestmm.com.mx\/\"},{\"@type\":\"ListItem\",\"position\":2,\"name\":\"Nosotros\"}]},{\"@type\":\"WebSite\",\"@id\":\"https:\/\/transportestmm.com.mx\/#website\",\"url\":\"https:\/\/transportestmm.com.mx\/\",\"name\":\"transportestmm\",\"description\":\"Entregas sin fronteras\",\"potentialAction\":[{\"@type\":\"SearchAction\",\"target\":{\"@type\":\"EntryPoint\",\"urlTemplate\":\"https:\/\/transportestmm.com.mx\/?s={search_term_string}\"},\"query-input\":{\"@type\":\"PropertyValueSpecification\",\"valueRequired\":true,\"valueName\":\"search_term_string\"}}],\"inLanguage\":\"es\"}]}<\/script>\n<!-- \/ Yoast SEO plugin. -->","yoast_head_json":{"title":"Nosotros - transportestmm","robots":{"index":"index","follow":"follow","max-snippet":"max-snippet:-1","max-image-preview":"max-image-preview:large","max-video-preview":"max-video-preview:-1"},"canonical":"https:\/\/transportestmm.com.mx\/index.php\/acerca-de\/","og_locale":"es_MX","og_type":"article","og_title":"Nosotros - transportestmm","og_description":"TMM brinda el servicio de transportaci\u00f3n de mercanc\u00edas en todo el territorio nacional y \u00e1rea metropolitana, ofreciendo&nbsp; servicios de log\u00edstica y distribuci\u00f3n en operaciones dedicadas y\/o consolidadas. &nbsp; TMM en su b\u00fasqueda de la mejora continua y desarrollo de negocios ofrece calidad y excelencia, reafirmando el compromiso con sus socios comerciales y equipo de trabajo. &hellip; Continuar leyendo \"Nosotros\"","og_url":"https:\/\/transportestmm.com.mx\/index.php\/acerca-de\/","og_site_name":"transportestmm","article_modified_time":"2020-04-20T20:14:27+00:00","og_image":[{"width":2560,"height":1707,"url":"https:\/\/transportestmm.com.mx\/wp-content\/uploads\/2020\/04\/17316-scaled.jpg","type":"image\/jpeg"}],"twitter_card":"summary_large_image","twitter_misc":{"Tiempo de lectura":"1 minuto"},"schema":{"@context":"https:\/\/schema.org","@graph":[{"@type":"WebPage","@id":"https:\/\/transportestmm.com.mx\/index.php\/acerca-de\/","url":"https:\/\/transportestmm.com.mx\/index.php\/acerca-de\/","name":"Nosotros - transportestmm","isPartOf":{"@id":"https:\/\/transportestmm.com.mx\/#website"},"primaryImageOfPage":{"@id":"https:\/\/transportestmm.com.mx\/index.php\/acerca-de\/#primaryimage"},"image":{"@id":"https:\/\/transportestmm.com.mx\/index.php\/acerca-de\/#primaryimage"},"thumbnailUrl":"https:\/\/transportestmm.com.mx\/wp-content\/uploads\/2020\/04\/17316-scaled.jpg","datePublished":"2020-03-25T19:27:34+00:00","dateModified":"2020-04-20T20:14:27+00:00","breadcrumb":{"@id":"https:\/\/transportestmm.com.mx\/index.php\/acerca-de\/#breadcrumb"},"inLanguage":"es","potentialAction":[{"@type":"ReadAction","target":["https:\/\/transportestmm.com.mx\/index.php\/acerca-de\/"]}]},{"@type":"ImageObject","inLanguage":"es","@id":"https:\/\/transportestmm.com.mx\/index.php\/acerca-de\/#primaryimage","url":"https:\/\/transportestmm.com.mx\/wp-content\/uploads\/2020\/04\/17316-scaled.jpg","contentUrl":"https:\/\/transportestmm.com.mx\/wp-content\/uploads\/2020\/04\/17316-scaled.jpg","width":2560,"height":1707,"caption":"Man driver of the lorry in a logistic company"},{"@type":"BreadcrumbList","@id":"https:\/\/transportestmm.com.mx\/index.php\/acerca-de\/#breadcrumb","itemListElement":[{"@type":"ListItem","position":1,"name":"Inicio","item":"https:\/\/transportestmm.com.mx\/"},{"@type":"ListItem","position":2,"name":"Nosotros"}]},{"@type":"WebSite","@id":"https:\/\/transportestmm.com.mx\/#website","url":"https:\/\/transportestmm.com.mx\/","name":"transportestmm","description":"Entregas sin fronteras","potentialAction":[{"@type":"SearchAction","target":{"@type":"EntryPoint","urlTemplate":"https:\/\/transportestmm.com.mx\/?s={search_term_string}"},"query-input":{"@type":"PropertyValueSpecification","valueRequired":true,"valueName":"search_term_string"}}],"inLanguage":"es"}]}},"_links":{"self":[{"href":"https:\/\/transportestmm.com.mx\/index.php\/wp-json\/wp\/v2\/pages\/24","targetHints":{"allow":["GET"]}}],"collection":[{"href":"https:\/\/transportestmm.com.mx\/index.php\/wp-json\/wp\/v2\/pages"}],"about":[{"href":"https:\/\/transportestmm.com.mx\/index.php\/wp-json\/wp\/v2\/types\/page"}],"author":[{"embeddable":true,"href":"https:\/\/transportestmm.com.mx\/index.php\/wp-json\/wp\/v2\/users\/1"}],"replies":[{"embeddable":true,"href":"https:\/\/transportestmm.com.mx\/index.php\/wp-json\/wp\/v2\/comments?post=24"}],"version-history":[{"count":5,"href":"https:\/\/transportestmm.com.mx\/index.php\/wp-json\/wp\/v2\/pages\/24\/revisions"}],"predecessor-version":[{"id":144,"href":"https:\/\/transportestmm.com.mx\/index.php\/wp-json\/wp\/v2\/pages\/24\/revisions\/144"}],"wp:featuredmedia":[{"embeddable":true,"href":"https:\/\/transportestmm.com.mx\/index.php\/wp-json\/wp\/v2\/media\/143"}],"wp:attachment":[{"href":"https:\/\/transportestmm.com.mx\/index.php\/wp-json\/wp\/v2\/media?parent=24"}],"curies":[{"name":"wp","href":"https:\/\/api.w.org\/{rel}","templated":true}]}}